{"id":6,"date":"2020-04-22T16:15:49","date_gmt":"2020-04-22T14:15:49","guid":{"rendered":"http:\/\/hochschul-hackathon-bb.de\/?page_id=6"},"modified":"2020-06-02T10:22:24","modified_gmt":"2020-06-02T08:22:24","slug":"hochschul-hackathon-brandenburg","status":"publish","type":"page","link":"https:\/\/hochschul-hackathon-bb.de\/en\/","title":{"rendered":"Uni\u00adversity Hackathon&nbsp;Brandenburg"},"content":{"rendered":"<h2 class=\"has-text-align-center alignwide wp-block-heading\">Digital Teaching, Learning, Living<br><span class=\"light\">8 \u2013 10 May&nbsp;2020<\/span><\/h2>\n\n\n\n<div style=\"height:50px\" aria-hidden=\"true\" class=\"wp-block-spacer\"><\/div>\n\n\n\n<div class=\"wp-block-columns alignwide has-background has-primary-background-color is-layout-flex wp-container-core-columns-is-layout-9d6595d7 wp-block-columns-is-layout-flex\">\n<div class=\"wp-block-column is-layout-flow wp-block-column-is-layout-flow\" style=\"flex-basis:25%\"><\/div>\n\n\n\n<div class=\"wp-block-column is-layout-flow wp-block-column-is-layout-flow\" style=\"flex-basis:50%\">\n<h2 class=\"has-text-align-center wp-block-heading\">Solutions<\/h2>\n\n\n\n<p>Die Ergeb\u00adnisse des Hoch\u00adschul-Hacka\u00adthons sind auf der Unter\u00adseite <a href=\"https:\/\/hochschul-hackathon-bb.de\/en\/ergebnisse\/\">Solu\u00adtions<\/a> .<\/p>\n\n\n\n<div style=\"height:20px\" aria-hidden=\"true\" class=\"wp-block-spacer\"><\/div>\n<\/div>\n\n\n\n<div class=\"wp-block-column is-layout-flow wp-block-column-is-layout-flow\" style=\"flex-basis:25%\"><\/div>\n<\/div>\n\n\n\n<div style=\"height:50px\" aria-hidden=\"true\" class=\"wp-block-spacer\"><\/div>\n\n\n\n<div class=\"wp-block-group alignwide\"><div class=\"wp-block-group__inner-container is-layout-flow wp-block-group-is-layout-flow\">\n<h2 class=\"has-primary-color has-text-color has-text-align-center wp-block-heading\">The Project<\/h2>\n<\/div><\/div>\n\n\n\n<p>Digi\u00adtales Lehren, Lernen, Leben: das MWFK und die FH Potsdam orga\u00adni\u00adsieren in Koope\u00adration mit den bran\u00adden\u00adbur\u00adgi\u00adschen Hoch\u00adschulen einen lan\u00addes\u00adweiten Hoch\u00adschul-Hackathon zu den Her\u00adaus\u00adfor\u00adde\u00adrungen der digi\u00adtalen Lehre. Der Hackathon findet am Wochenende vom 8. bis 10. Mai 2020 online&nbsp;statt.<\/p>\n\n\n\n<p>Neben der digi\u00adtalen Lehre stehen auch die Ver\u00ad\u00e4n\u00adde\u00adrungen im digi\u00adtalen Lernen und Leben im Vor\u00adder\u00adgrund, besonders unter dem Aspekt der Bil\u00addungs\u00adge\u00adrech\u00adtigkeit. Der Hackathon richtet sich an Stu\u00addie\u00adrende, Leh\u00adrende, Hoch\u00adschul\u00adan\u00adge\u00adh\u00f6rige und weitere Interessent*innen. Innerhalb k\u00fcr\u00adzester Zeit sollen die Teil\u00adneh\u00admenden L\u00f6sungs\u00adan\u00ads\u00e4tze zu den gr\u00f6\u00dften Her\u00adaus\u00adfor\u00adde\u00adrungen in diesen Bereichen&nbsp;erarbeiten.<\/p>\n\n\n\n<p>Wie k\u00f6nnen Vor\u00adle\u00adsungen und Seminare ins Digitale \u00fcber\u00adtragen werden? Wie k\u00f6nnen Stu\u00addie\u00adrende ohne Inter\u00adnet\u00adzugang erreicht werden? Und wie kann der Aus\u00adtausch und der Zusam\u00admenhalt unter den Stu\u00addie\u00adrenden gef\u00f6rdert werden? Ins\u00adgesamt <a href=\"https:\/\/hochschul-hackathon-bb.de\/en\/challenges\/\">17 Chal\u00adlenges<\/a> wurden in den drei Bereichen digi\u00adtales Lehren, digi\u00adtales Lernen und digi\u00adtales Leben&nbsp;eingereicht.<\/p>\n\n\n\n<p>W\u00e4hrend des Hacka\u00adthons orga\u00adni\u00adsieren sich die Teil\u00adneh\u00admenden in Gruppen und arbeiten gemeinsam an einer kon\u00adkreten Challenge. Unter\u00adst\u00fctzt werden sie von Mentor*innen. Die <a href=\"https:\/\/hochschul-hackathon-bb.de\/en\/anmeldung\/\">Regis\u00adtration<\/a> as a par\u00adti\u00adcipant or mentor is pos\u00adsible online until 7&nbsp;May.<\/p>\n\n\n\n<hr class=\"wp-block-separator\">\n\n\n\n<h2 class=\"has-primary-color has-text-color has-text-align-center wp-block-heading\">Procedure<\/h2>\n\n\n\n<ul class=\"wp-block-list\"><li>Chal\u00adlenges k\u00f6nnen bis Freitag, den 01.05.2020 ein\u00adge\u00adreicht&nbsp;werden.<\/li><li>Die finale Auswahl an Chal\u00adlenges werden am Montag, den 04.05.2020&nbsp;ver\u00f6ffentlicht.<\/li><li>Bis zum Don\u00adnerstag, den 07.05.2020 k\u00f6nnen sich Interessent*innen ent\u00adweder als Teil\u00adneh\u00admende oder als Mentor*innen anmelden.<\/li><li>Im Hoch\u00adschul-Hackathon vom Freitag, den 08.05.2020 bis Sonntag, den 10.05.2020 arbeiten Gruppen gemeinsam an der L\u00f6sung von&nbsp;Challenges.<\/li><\/ul>\n\n\n\n<hr class=\"wp-block-separator\">\n\n\n\n<h2 class=\"has-primary-color has-text-color has-text-align-center wp-block-heading\">News<\/h2>\n\n\n<ul class=\"wp-block-latest-posts__list has-dates wp-block-latest-posts\"><li><a class=\"wp-block-latest-posts__post-title\" href=\"https:\/\/hochschul-hackathon-bb.de\/en\/wir-halten-in-der-krise-digital-zusammen\/\">\u201eWir halten in der Krise digital zusammen\u201c<\/a><time datetime=\"2020-05-08T12:00:31+02:00\" class=\"wp-block-latest-posts__post-date\">8. May&nbsp;2020<\/time><\/li>\n<li><a class=\"wp-block-latest-posts__post-title\" href=\"https:\/\/hochschul-hackathon-bb.de\/en\/pm-0427\/\">Neuer Hoch\u00adschul-Hackathon unter\u00adst\u00fctzt inno\u00advative Lehr\u00adkon\u00adzepte<\/a><time datetime=\"2020-04-28T10:00:00+02:00\" class=\"wp-block-latest-posts__post-date\">28. April&nbsp;2020<\/time><\/li>\n<\/ul>","protected":false},"excerpt":{"rendered":"<p>Digitales Lehren, Lernen, Leben8.\u201310. Mai 2020 Ergebnisse Die Ergebnisse des Hochschul-Hackathons sind auf der Unterseite Ergebnisse zu finden. Das Projekt Digitales Lehren, Lernen, Leben: das MWFK und die FH Potsdam organisieren in Kooperation mit den brandenburgischen Hochschulen einen landesweiten Hochschul-Hackathon zu den Herausforderungen der digitalen Lehre. Der Hackathon findet am Wochenende vom 8. bis 10. [&hellip;]<\/p>\n","protected":false},"author":1,"featured_media":182,"parent":0,"menu_order":0,"comment_status":"closed","ping_status":"closed","template":"","meta":{"wp_typography_post_enhancements_disabled":false,"footnotes":""},"class_list":["post-6","page","type-page","status-publish","has-post-thumbnail","hentry"],"_links":{"self":[{"href":"https:\/\/hochschul-hackathon-bb.de\/en\/wp-json\/wp\/v2\/pages\/6","targetHints":{"allow":["GET"]}}],"collection":[{"href":"https:\/\/hochschul-hackathon-bb.de\/en\/wp-json\/wp\/v2\/pages"}],"about":[{"href":"https:\/\/hochschul-hackathon-bb.de\/en\/wp-json\/wp\/v2\/types\/page"}],"author":[{"embeddable":true,"href":"https:\/\/hochschul-hackathon-bb.de\/en\/wp-json\/wp\/v2\/users\/1"}],"replies":[{"embeddable":true,"href":"https:\/\/hochschul-hackathon-bb.de\/en\/wp-json\/wp\/v2\/comments?post=6"}],"version-history":[{"count":9,"href":"https:\/\/hochschul-hackathon-bb.de\/en\/wp-json\/wp\/v2\/pages\/6\/revisions"}],"predecessor-version":[{"id":348,"href":"https:\/\/hochschul-hackathon-bb.de\/en\/wp-json\/wp\/v2\/pages\/6\/revisions\/348"}],"wp:featuredmedia":[{"embeddable":true,"href":"https:\/\/hochschul-hackathon-bb.de\/en\/wp-json\/wp\/v2\/media\/182"}],"wp:attachment":[{"href":"https:\/\/hochschul-hackathon-bb.de\/en\/wp-json\/wp\/v2\/media?parent=6"}],"curies":[{"name":"wp","href":"https:\/\/api.w.org\/{rel}","templated":true}]}}