{"id":47,"date":"2020-04-22T17:20:43","date_gmt":"2020-04-22T15:20:43","guid":{"rendered":"https:\/\/hochschul-hackathon-bb.de\/?page_id=47"},"modified":"2020-04-28T13:01:12","modified_gmt":"2020-04-28T11:01:12","slug":"impressum","status":"publish","type":"page","link":"https:\/\/hochschul-hackathon-bb.de\/en\/impressum\/","title":{"rendered":"Imprint"},"content":{"rendered":"<p><strong>Minis\u00adterium f\u00fcr Wis\u00adsen\u00adschaft, For\u00adschung und Kultur des Landes Bran\u00addenburg<\/strong> (MWFK)<br>Dor\u00adtu\u00adstra\u00dfe 36<br>14467 Potsdam<\/p>\n\n\n\n<h2 class=\"wp-block-heading\">Vertreten durch<\/h2>\n\n\n\n<p><strong>Pres\u00adse\u00adstelle<\/strong><br>Telefon: 0331 8664 560<br>E\u2011Mail: <a href=\"https:\/\/mwfk.brandenburg.de\/mwfk\/de\/service\/kontakt\/modulschnittstelle-kontakt\/~mais2red.c.54681.de\">presse@mwfk.brandenburg.de<\/a><\/p>\n\n\n\n<hr class=\"wp-block-separator is-style-default\">\n\n\n\n<h2 class=\"wp-block-heading\">Verantwortlich im Sinne des&nbsp;Presserechts<\/h2>\n\n\n\n<p><strong>Pres\u00adse\u00adsprecher<\/strong><br>Stephan Breiding<br>Telefon: 0331 8664 566<br>E\u2011Mail: <a rel=\"noreferrer noopener\" href=\"mailto:stephan.breiding@mwfk.brandenburg.de\" target=\"_blank\">stephan.breiding@mwfk.brandenburg.de<\/a><\/p>\n\n\n\n<h3 class=\"wp-block-heading\">Adresse<\/h3>\n\n\n\n<p>Minis\u00adterium f\u00fcr Wis\u00adsen\u00adschaft, For\u00adschung und Kultur des Landes Bran\u00addenburg (MWFK)<br>Dor\u00adtu\u00adstra\u00dfe 36<br>14467 Potsdam<\/p>\n\n\n\n<hr class=\"wp-block-separator is-style-default\">\n\n\n\n<h2 class=\"wp-block-heading\">Redaktion<\/h2>\n\n\n\n<p>Nikolas Ripka<br>E\u2011Mail: <a rel=\"noreferrer noopener\" href=\"mailto:orgateam@hochschul-hackathon-bb.de\" target=\"_blank\">orgateam@hochschul-hackathon-bb.de<\/a><\/p>\n\n\n\n<h3 class=\"wp-block-heading\">Adresse<\/h3>\n\n\n\n<p>Fach\u00adhoch\u00adschule Potsdam<br>Kie\u00adpen\u00adheu\u00ader\u00adallee 5<br>14469 Potsdam<\/p>\n\n\n\n<hr class=\"wp-block-separator is-style-default\">\n\n\n\n<h2 class=\"wp-block-heading\">Haftungsausschluss<\/h2>\n\n\n\n<h3 class=\"wp-block-heading\">1. Inhalt des&nbsp;Onlineangebotes<\/h3>\n\n\n\n<p>Das MWFK Bran\u00addenburg ist bem\u00fcht, auf dieser Website richtige und voll\u00adst\u00e4ndige Infor\u00adma\u00adtionen zur Ver\u00adf\u00fcgung zu stellen. Das MWFK Bran\u00addenburg \u00fcber\u00adnimmt kei\u00adnerlei Gew\u00e4hr f\u00fcr die Aktua\u00adlit\u00e4t, Kor\u00adrektheit, Voll\u00adst\u00e4n\u00addigkeit oder Qua\u00adlit\u00e4t der bereit\u00adge\u00adstellten Infor\u00adma\u00adtionen. Haf\u00adtungs\u00adan\u00adspr\u00fcche, welche sich auf Sch\u00e4den mate\u00adri\u00adeller oder ideeller Art beziehen, die durch die Nutzung oder Nicht\u00adnutzung der dar\u00adge\u00adbo\u00adtenen Infor\u00adma\u00adtionen bzw. durch die Nutzung feh\u00adler\u00adhafter und unvoll\u00adst\u00e4n\u00addiger Infor\u00adma\u00adtionen ver\u00adur\u00adsacht wurden, sind grund\u00ads\u00e4tzlich aus\u00adge\u00adschlossen, sofern seitens des MW Bran\u00addenburg kein nach\u00adweislich vor\u00ads\u00e4tz\u00adliches oder grob fahr\u00adl\u00e4s\u00adsiges Ver\u00adschulden nach\u00adge\u00adwiesen werden kann. Das MWFK Bran\u00addenburg beh\u00e4lt es sich aus\u00addr\u00fccklich vor, Teile der Seiten oder das gesamte Angebot ohne geson\u00adderte Ank\u00fcn\u00addigung zu ver\u00ad\u00e4ndern, zu erg\u00e4nzen, zu l\u00f6schen oder die Ver\u00ad\u00f6f\u00adfent\u00adli\u00adchung zeit\u00adweise oder end\u00adg\u00fcltig&nbsp;einzustellen.<\/p>\n\n\n\n<h3 class=\"wp-block-heading\">2. Verweise und Verlinkungen (Links)<\/h3>\n\n\n\n<p>Bei direkten oder indi\u00adrekten Ver\u00adweisen auf fremde Inter\u00adnet\u00adseiten (\u201eLinks\u201c), die au\u00dferhalb des Ver\u00adant\u00adwor\u00adtungs\u00adbe\u00adreiches des MWFK Bran\u00addenburg liegen, w\u00fcrde eine Haf\u00adtungs\u00adver\u00adpflichtung aus\u00adschlie\u00dflich in dem Fall in Kraft treten, in dem das MWFK Bran\u00addenburg von den Inhalten Kenntnis haben und es ihnen tech\u00adnisch m\u00f6glich und zumutbar w\u00e4re, die Nutzung im Falle rechts\u00adwid\u00adriger Inhalte zu ver\u00adhindern. F\u00fcr dar\u00fcber hin\u00adaus\u00adge\u00adhende Inhalte und ins\u00adbe\u00adsondere f\u00fcr Sch\u00e4den, welche aus der Nutzung oder Nicht\u00adnutzung solcher Art dar\u00adge\u00adbo\u00adtener Infor\u00adma\u00adtionen ent\u00adstehen, haftet allein der Anbieter dieser Seiten. Das MWFK Bran\u00addenburg erkl\u00e4rt hiermit aus\u00addr\u00fccklich, dass zum Zeit\u00adpunkt der Link\u00adsetzung keine ille\u00adgalen Inhalte auf den zu ver\u00adlin\u00adkenden Seiten erkennbar waren. Bei der erst\u00adma\u00adligen Ver\u00adkn\u00fcpfung hat das MW Bran\u00addenburg zwar den fremden Inhalt dar\u00adaufhin \u00fcber\u00adpr\u00fcft, ob durch ihn eine m\u00f6g\u00adliche zivil\u00adrecht\u00adliche oder straf\u00adrecht\u00adliche Ver\u00adant\u00adwort\u00adlichkeit aus\u00adgel\u00f6st wird. Nach dem Tel\u00ade\u00addien\u00adste\u00adgesetz (TDG) ist das MWFK Bran\u00addenburg jedoch nicht ver\u00adpflichtet, die Inhalte, auf die es in seinem Angebot ver\u00adweist, st\u00e4ndig auf \u00c4nde\u00adrungen zu \u00fcber\u00adpr\u00fcfen, die eine Ver\u00adant\u00adwort\u00adlichkeit neu begr\u00fcnden k\u00f6nnten. Deshalb distan\u00adziert sich das MWFK Bran\u00addenburg hiermit aus\u00addr\u00fccklich von allen Inhalten aller gelinkten Seiten, die nach der Link\u00adsetzung ver\u00ad\u00e4ndert wurden. Diese Fest\u00adstellung gilt f\u00fcr alle innerhalb des eigenen Inter\u00adnet\u00adan\u00adge\u00adbotes gesetzten Links und Ver\u00adweise. Erst wenn das MWFK Bran\u00addenburg fest\u00adstellt oder von anderen darauf hin\u00adge\u00adwiesen wird, dass ein kon\u00adkretes Angebot, zu dem das MWFK Bran\u00addenburg einen Link bereit\u00adge\u00adstellt hat, eine zivil- oder straf\u00adrecht\u00adliche Ver\u00adant\u00adwort\u00adlichkeit ausl\u00f6st, wird der Verweis auf dieses Angebot auf\u00adge\u00adhoben, soweit dies tech\u00adnisch m\u00f6glich und zumutbar ist. Die tech\u00adnische M\u00f6g\u00adlichkeit und Zumut\u00adbarkeit wird nicht dadurch beein\u00adflusst, dass auch nach der Unter\u00adbindung des Zugriffs von der Website www.mwfk.brandenburg.de von anderen Servern aus auf das rechts\u00adwidrige oder strafbare Angebot zuge\u00adgriffen werden kann. Dies gilt ins\u00adbe\u00adsondere auch f\u00fcr Proxy- Server bzw. Such\u00adma\u00adschinen mit&nbsp;mirror-Funktion.<\/p>\n\n\n\n<h3 class=\"wp-block-heading\">3. Urheber- und Kennzeichenrecht, Copyright<\/h3>\n\n\n\n<p>Die Lan\u00addes\u00adre\u00adgierung Bran\u00addenburg ist allei\u00adniger Inhaber des Domain\u00adnamens \u201ebrandenburg.de\u201c. Alle Rechte an den Seiten liegen bei der Lan\u00addes\u00adre\u00adgierung Bran\u00addenburg. Eine Nach\u00adnutzung der Inter\u00adnet\u00adan\u00adgebote des Minis\u00adte\u00adriums f\u00fcr Wis\u00adsen\u00adschaft, For\u00adschung und Kultur des Landes Bran\u00addenburg (MWFK Bran\u00addenburg), gleich welcher Art und auch aus\u00adzugs\u00adweise bzw. per Ver\u00adlinkung auf anderen Web\u00adsites, bedarf der Geneh\u00admigung des Refe\u00adrates 15.4 \/ Inter\u00adnet\u00adre\u00addaktion. Das MWFK Bran\u00addenburg ist bestrebt, in allen Publi\u00adka\u00adtionen die Urhe\u00adber\u00adrechte der ver\u00adwen\u00addeten Gra\u00adfiken, Ton\u00addo\u00adku\u00admente und Texte zu beachten, vom MWFK Bran\u00addenburg selbst erstellte Gra\u00adfiken, Ton\u00addo\u00adku\u00admente und Texte zu nutzen oder auf lizenz\u00adfreie Gra\u00adfiken, Ton\u00addo\u00adku\u00admente und Texte zur\u00fcck\u00adzu\u00adgreifen. Sollte sich auf den jewei\u00adligen Seiten dennoch eine unge\u00adkenn\u00adzeichnete, aber durch fremdes Copy\u00adright gesch\u00fctzte Grafik, ein Sound oder Text befinden, so konnte das Copy\u00adright nicht fest\u00adge\u00adstellt werden. Im Falle einer solchen unbe\u00adab\u00adsich\u00adtigten Copy\u00adright\u00adver\u00adletzung wird das MWFK Bran\u00addenburg nach Benach\u00adrich\u00adtigung das ent\u00adspre\u00adchende Objekt aus seiner Publi\u00adkation ent\u00adfernen bzw. mit dem ent\u00adspre\u00adchenden Copy\u00adright kenntlich machen. Das Copy\u00adright f\u00fcr ver\u00ad\u00f6f\u00adfent\u00adlichte, vom MWFK Bran\u00addenburg selbst erstellte Objekte bleibt allein bei den Autoren der Web\u00adsites. Eine Ver\u00adviel\u00adf\u00e4l\u00adtigung oder Ver\u00adwendung solcher Gra\u00adfiken, Sound oder Texte in anderen elek\u00adtro\u00adni\u00adschen oder gedruckten Publi\u00adka\u00adtionen ist ohne aus\u00addr\u00fcck\u00adliche Zustimmung des MWFK Bran\u00addenburg nicht gestattet. Das Copy\u00adright f\u00fcr ver\u00ad\u00f6f\u00adfent\u00adlichte, vom MWFK Bran\u00addenburg selbst erstellte Objekte bleibt allein beim Ver\u00adfasser der Seiten. Eine Ver\u00adviel\u00adf\u00e4l\u00adtigung oder Ver\u00adwendung solcher Gra\u00adfiken, Ton\u00addo\u00adku\u00admente, Video\u00adse\u00adquenzen und Texte in anderen elek\u00adtro\u00adni\u00adschen oder gedruckten Publi\u00adka\u00adtionen ist ohne aus\u00addr\u00fcck\u00adliche Zustimmung des MWFK Bran\u00addenburg nicht&nbsp;gestattet.<\/p>\n\n\n\n<h3 class=\"wp-block-heading\">4. Rechtswirksamkeit dieses&nbsp;Haftungsausschlusses<\/h3>\n\n\n\n<p>Dieser Haf\u00adtungs\u00adaus\u00adschluss ist als Teil des Inter\u00adnet\u00adan\u00adge\u00adbotes zu betrachten, von dem aus auf diese Seite ver\u00adwiesen wurde. Sofern Teile oder ein\u00adzelne For\u00admu\u00adlie\u00adrungen dieses Textes der gel\u00adtenden Rechtslage nicht, nicht mehr oder nicht voll\u00adst\u00e4ndig ent\u00adsprechen sollten, bleiben die \u00fcbrigen Teile des Doku\u00admentes in ihrem Inhalt und ihrer G\u00fcl\u00adtigkeit davon&nbsp;unber\u00fchrt.<\/p>\n\n\n\n<h3 class=\"wp-block-heading\">5. Datenschutzhinweise<\/h3>\n\n\n\n<p>Sofern innerhalb des Inter\u00adnet\u00adan\u00adge\u00adbotes die M\u00f6g\u00adlichkeit zur Eingabe per\u00ads\u00f6n\u00adlicher oder gesch\u00e4ft\u00adlicher Daten (E\u2011Mailadressen, Namen, Anschriften) besteht, so erfolgt die Preisgabe dieser Daten seitens des Nutzers auf aus\u00addr\u00fccklich frei\u00adwil\u00adliger Basis. Unge\u00adsi\u00adcherte E\u2011Mails bieten Angriffs\u00adm\u00f6g\u00adlich\u00adkeiten gegen eine ver\u00adtrau\u00adliche Kom\u00admu\u00adni\u00adkation; in E\u2011Mails kann ein\u00adge\u00adsehen werden, Nach\u00adrichten k\u00f6nnen ver\u00ad\u00e4ndert, ver\u00adf\u00e4lscht oder gel\u00f6scht werden und es k\u00f6nnen Kom\u00admu\u00adni\u00adka\u00adti\u00adons\u00adprofile erstellt werden. Daher wird Ihnen bei ver\u00adtrau\u00adlichen Daten dringend nahe\u00adgelegt, anstelle einer Kom\u00admu\u00adni\u00adkation der E- Mail den Briefweg zu ver\u00adwenden. Bei jedem Zugriff eines Nutzers auf eine Seite aus dem Angebot von www.mwfk.brandenburg.de werden die fol\u00adgenden Daten \u00fcber diesen Vorgang in einer Pro\u00adto\u00adkoll\u00addatei gespei\u00adchert: IP-Adresse des anfor\u00addernden Rechners, Datum und Uhrzeit des Abrufs, Name der abge\u00adru\u00adfenen Datei und ID, User Agent Art des Browsers Host Die gespei\u00adcherten Daten werden nur zu sta\u00adtis\u00adti\u00adschen Zwecken aus\u00adge\u00adwertet. Eine Wei\u00adtergabe an Dritte erfolgt nicht. Auf dieser Website werden Cookies ver\u00adwendet, um bereits gelesene Artikel gra\u00adfisch zu mar\u00adkieren. Diese Cookies werden von den Autoren nicht dazu ver\u00adwendet, das Zugriffs\u00adver\u00adhalten der Nutzer&nbsp;nachzuvollziehen.<\/p>\n\n\n\n<h3 class=\"wp-block-heading\">6. Wichtiger&nbsp;Hinweis<\/h3>\n\n\n\n<p>Der E\u2011Mail-Verkehr mit dem MWFK Bran\u00addenburg steht \u00fcber\u00adwiegend als reiner Kom\u00admu\u00adni\u00adka\u00adti\u00adonsweg zur Ver\u00adf\u00fcgung. Es wird darauf hin\u00adge\u00adwiesen, dass per E\u2011Mail Antr\u00e4ge oder Schrift\u00ads\u00e4tze nicht rechts\u00adwirksam ein\u00adge\u00adreicht werden k\u00f6nnen. Sollte Ihre Nach\u00adricht einen ent\u00adspre\u00adchenden Schriftsatz beinhalten, ist eine Wie\u00adder\u00adholung der \u00dcber\u00admittlung auf dem Postwege unbe\u00addingt erfor\u00adderlich. Bitte geben Sie bei Nutzung des E\u2011Mail-Zugangs des MWFK Bran\u00addenburg neben der E\u2011Mail-Adresse auch Ihre Post\u00adan\u00adschrift an, da es uns aus ver\u00adwal\u00adtungs\u00adin\u00adternen Gr\u00fcnden nicht immer m\u00f6glich ist, alle E\u2011Mails auf elek\u00adtro\u00adni\u00adschen Wege zu&nbsp;beantworten.<\/p>\n\n\n\n<h3 class=\"wp-block-heading\">7. Datenschutzerkl\u00e4rung<\/h3>\n\n\n\n<p>Die Daten\u00adschutz\u00ader\u00adkl\u00e4rung finden Sie&nbsp;<a href=\"https:\/\/hochschul-hackathon-bb.de\/en\/datenschutz\/\">hier<\/a>.<\/p>\n\n\n\n<p>Sollten Sie noch Fragen zum Daten\u00adschutz haben, so wenden Sie sich bitte an den Lan\u00addes\u00adda\u00adten\u00adschutz\u00adbe\u00adauf\u00adtragten&nbsp;Brandenburg.<\/p>\n\n\n\n<p><strong>Lan\u00addes\u00adbe\u00adauf\u00adtragte f\u00fcr den Daten\u00adschutz und f\u00fcr das Recht auf Akten\u00adein\u00adsicht Bran\u00addenburg<\/strong><br>Stahns\u00addorfer Damm 77<br>14532 Klein\u00admachnow<br>Tel.: 033203 \/ 356 \u20110<br>Fax.: 033203 \/ 356 \u201149<br><a rel=\"noreferrer noopener\" href=\"https:\/\/www.lda.brandenburg.de\/cms\/detail.php?gsid=bb1.c.233960.de\" target=\"_blank\">www.lda.brandenburg.de<\/a><\/p>","protected":false},"excerpt":{"rendered":"<p>Ministerium f\u00fcr Wissenschaft, Forschung und Kultur des Landes Brandenburg (MWFK)Dortustra\u00dfe 3614467 Potsdam Vertreten durch PressestelleTelefon: 0331 8664 560E-Mail: presse@mwfk.brandenburg.de Verantwortlich im Sinne des Presserechts PressesprecherStephan BreidingTelefon: 0331 8664 566E-Mail: stephan.breiding@mwfk.brandenburg.de Adresse Ministerium f\u00fcr Wissenschaft, Forschung und Kultur des Landes Brandenburg (MWFK)Dortustra\u00dfe 3614467 Potsdam Redaktion Nikolas RipkaE-Mail: orgateam@hochschul-hackathon-bb.de Adresse Fachhochschule PotsdamKiepenheuerallee 514469 Potsdam Haftungsausschluss 1. Inhalt [&hellip;]<\/p>\n","protected":false},"author":1,"featured_media":0,"parent":0,"menu_order":0,"comment_status":"closed","ping_status":"closed","template":"","meta":{"wp_typography_post_enhancements_disabled":false,"footnotes":""},"class_list":["post-47","page","type-page","status-publish","hentry"],"_links":{"self":[{"href":"https:\/\/hochschul-hackathon-bb.de\/en\/wp-json\/wp\/v2\/pages\/47","targetHints":{"allow":["GET"]}}],"collection":[{"href":"https:\/\/hochschul-hackathon-bb.de\/en\/wp-json\/wp\/v2\/pages"}],"about":[{"href":"https:\/\/hochschul-hackathon-bb.de\/en\/wp-json\/wp\/v2\/types\/page"}],"author":[{"embeddable":true,"href":"https:\/\/hochschul-hackathon-bb.de\/en\/wp-json\/wp\/v2\/users\/1"}],"replies":[{"embeddable":true,"href":"https:\/\/hochschul-hackathon-bb.de\/en\/wp-json\/wp\/v2\/comments?post=47"}],"version-history":[{"count":9,"href":"https:\/\/hochschul-hackathon-bb.de\/en\/wp-json\/wp\/v2\/pages\/47\/revisions"}],"predecessor-version":[{"id":263,"href":"https:\/\/hochschul-hackathon-bb.de\/en\/wp-json\/wp\/v2\/pages\/47\/revisions\/263"}],"wp:attachment":[{"href":"https:\/\/hochschul-hackathon-bb.de\/en\/wp-json\/wp\/v2\/media?parent=47"}],"curies":[{"name":"wp","href":"https:\/\/api.w.org\/{rel}","templated":true}]}}