{"id":36,"date":"2020-04-22T17:18:27","date_gmt":"2020-04-22T15:18:27","guid":{"rendered":"https:\/\/hochschul-hackathon-bb.de\/?page_id=36"},"modified":"2020-05-09T20:08:16","modified_gmt":"2020-05-09T18:08:16","slug":"team","status":"publish","type":"page","link":"https:\/\/hochschul-hackathon-bb.de\/en\/team\/","title":{"rendered":"Orga\u00adnization&nbsp;team"},"content":{"rendered":"<p>Das Orgateam koor\u00addi\u00adniert den Hoch\u00adschul-Hackathon und besteht aus Stu\u00addie\u00adrenden, Leh\u00adrenden und Referent*innen.<\/p>\n\n\n\n<div class=\"wp-block-columns is-layout-flex wp-container-core-columns-is-layout-9d6595d7 wp-block-columns-is-layout-flex\">\n<div class=\"wp-block-column is-layout-flow wp-block-column-is-layout-flow\" style=\"flex-basis:33.33%\">\n<figure class=\"wp-block-image size-large is-style-rounded\"><img loading=\"lazy\" decoding=\"async\" width=\"1024\" height=\"1024\" src=\"https:\/\/hochschul-hackathon-bb.de\/wp-content\/uploads\/2020\/05\/becker_jenni-1024x1024.jpeg\" alt=\"Jenni Becker\" class=\"wp-image-303\" srcset=\"https:\/\/hochschul-hackathon-bb.de\/wp-content\/uploads\/2020\/05\/becker_jenni-1024x1024.jpeg 1024w, https:\/\/hochschul-hackathon-bb.de\/wp-content\/uploads\/2020\/05\/becker_jenni-300x300.jpeg 300w, https:\/\/hochschul-hackathon-bb.de\/wp-content\/uploads\/2020\/05\/becker_jenni-150x150.jpeg 150w, https:\/\/hochschul-hackathon-bb.de\/wp-content\/uploads\/2020\/05\/becker_jenni-768x769.jpeg 768w, https:\/\/hochschul-hackathon-bb.de\/wp-content\/uploads\/2020\/05\/becker_jenni.jpeg 1198w\" sizes=\"auto, (max-width: 1024px) 100vw, 1024px\"><\/figure>\n\n\n\n<p><\/p>\n<\/div>\n\n\n\n<div class=\"wp-block-column is-layout-flow wp-block-column-is-layout-flow\" style=\"flex-basis:66.66%\">\n<h2 class=\"wp-block-heading\">Jenni Becker<\/h2>\n\n\n\n<p>Stu\u00addentin<\/p>\n\n\n\n<p>Fach\u00adhoch\u00adschule&nbsp;Potsdam<\/p>\n<\/div>\n<\/div>\n\n\n\n<div class=\"wp-block-columns is-layout-flex wp-container-core-columns-is-layout-9d6595d7 wp-block-columns-is-layout-flex\">\n<div class=\"wp-block-column is-layout-flow wp-block-column-is-layout-flow\" style=\"flex-basis:33.33%\">\n<figure class=\"wp-block-image size-large is-style-rounded\"><img loading=\"lazy\" decoding=\"async\" width=\"1024\" height=\"1024\" src=\"https:\/\/hochschul-hackathon-bb.de\/wp-content\/uploads\/2020\/05\/eberhagen-jakob-1024x1024.jpg\" alt=\"Jakob Eberhagen\" class=\"wp-image-327\" srcset=\"https:\/\/hochschul-hackathon-bb.de\/wp-content\/uploads\/2020\/05\/eberhagen-jakob-1024x1024.jpg 1024w, https:\/\/hochschul-hackathon-bb.de\/wp-content\/uploads\/2020\/05\/eberhagen-jakob-300x300.jpg 300w, https:\/\/hochschul-hackathon-bb.de\/wp-content\/uploads\/2020\/05\/eberhagen-jakob-150x150.jpg 150w, https:\/\/hochschul-hackathon-bb.de\/wp-content\/uploads\/2020\/05\/eberhagen-jakob-768x768.jpg 768w, https:\/\/hochschul-hackathon-bb.de\/wp-content\/uploads\/2020\/05\/eberhagen-jakob-1200x1200.jpg 1200w, https:\/\/hochschul-hackathon-bb.de\/wp-content\/uploads\/2020\/05\/eberhagen-jakob-1320x1320.jpg 1320w, https:\/\/hochschul-hackathon-bb.de\/wp-content\/uploads\/2020\/05\/eberhagen-jakob.jpg 1488w\" sizes=\"auto, (max-width: 1024px) 100vw, 1024px\"><\/figure>\n\n\n\n<p><\/p>\n<\/div>\n\n\n\n<div class=\"wp-block-column is-layout-flow wp-block-column-is-layout-flow\" style=\"flex-basis:66.66%\">\n<h2 class=\"wp-block-heading\">Jakob Eberhagen<\/h2>\n\n\n\n<p>Stu\u00adden\u00adti\u00adscher&nbsp;Mitarbeiter<\/p>\n\n\n\n<p>Uni\u00adver\u00adsit\u00e4t&nbsp;Bayreuth<\/p>\n<\/div>\n<\/div>\n\n\n\n<div class=\"wp-block-columns is-layout-flex wp-container-core-columns-is-layout-9d6595d7 wp-block-columns-is-layout-flex\">\n<div class=\"wp-block-column is-layout-flow wp-block-column-is-layout-flow\" style=\"flex-basis:33.33%\">\n<figure class=\"wp-block-image size-large is-style-rounded\"><img loading=\"lazy\" decoding=\"async\" width=\"1024\" height=\"1024\" src=\"https:\/\/hochschul-hackathon-bb.de\/wp-content\/uploads\/2020\/04\/falke_tobias-1024x1024.jpg\" alt=\"Tobias Falke\" class=\"wp-image-266\" srcset=\"https:\/\/hochschul-hackathon-bb.de\/wp-content\/uploads\/2020\/04\/falke_tobias-1024x1024.jpg 1024w, https:\/\/hochschul-hackathon-bb.de\/wp-content\/uploads\/2020\/04\/falke_tobias-300x300.jpg 300w, https:\/\/hochschul-hackathon-bb.de\/wp-content\/uploads\/2020\/04\/falke_tobias-150x150.jpg 150w, https:\/\/hochschul-hackathon-bb.de\/wp-content\/uploads\/2020\/04\/falke_tobias-768x769.jpg 768w, https:\/\/hochschul-hackathon-bb.de\/wp-content\/uploads\/2020\/04\/falke_tobias.jpg 1147w\" sizes=\"auto, (max-width: 1024px) 100vw, 1024px\"><\/figure>\n\n\n\n<p><\/p>\n<\/div>\n\n\n\n<div class=\"wp-block-column is-layout-flow wp-block-column-is-layout-flow\" style=\"flex-basis:66.66%\">\n<h2 class=\"wp-block-heading\">Tobias Falke<\/h2>\n\n\n\n<p>Aka\u00adde\u00admi\u00adscher Mit\u00adar\u00adbeiter f\u00fcr Medi\u00aden\u00addi\u00addaktik im Projekt \u201eExzellenz von Studium und Lehre\u201c im Mul\u00adti\u00adme\u00addia\u00adzentrum \/&nbsp;IKMZ<\/p>\n\n\n\n<p>Bran\u00adden\u00adbur\u00adgische Tech\u00adnische Uni\u00adver\u00adsit\u00e4t&nbsp;Cottbus-Senftenberg<\/p>\n<\/div>\n<\/div>\n\n\n\n<div class=\"wp-block-columns is-layout-flex wp-container-core-columns-is-layout-9d6595d7 wp-block-columns-is-layout-flex\">\n<div class=\"wp-block-column is-layout-flow wp-block-column-is-layout-flow\" style=\"flex-basis:33.33%\">\n<figure class=\"wp-block-image size-large is-style-rounded\"><img loading=\"lazy\" decoding=\"async\" width=\"1024\" height=\"1024\" src=\"https:\/\/hochschul-hackathon-bb.de\/wp-content\/uploads\/2020\/04\/ratzlaff_olaf-e1588060414589-1024x1024.jpg\" alt=\"Olaf Ratzlaff\" class=\"wp-image-242\" srcset=\"https:\/\/hochschul-hackathon-bb.de\/wp-content\/uploads\/2020\/04\/ratzlaff_olaf-e1588060414589-1024x1024.jpg 1024w, https:\/\/hochschul-hackathon-bb.de\/wp-content\/uploads\/2020\/04\/ratzlaff_olaf-e1588060414589-300x300.jpg 300w, https:\/\/hochschul-hackathon-bb.de\/wp-content\/uploads\/2020\/04\/ratzlaff_olaf-e1588060414589-150x150.jpg 150w, https:\/\/hochschul-hackathon-bb.de\/wp-content\/uploads\/2020\/04\/ratzlaff_olaf-e1588060414589-768x768.jpg 768w, https:\/\/hochschul-hackathon-bb.de\/wp-content\/uploads\/2020\/04\/ratzlaff_olaf-e1588060414589-1536x1536.jpg 1536w, https:\/\/hochschul-hackathon-bb.de\/wp-content\/uploads\/2020\/04\/ratzlaff_olaf-e1588060414589-1200x1200.jpg 1200w, https:\/\/hochschul-hackathon-bb.de\/wp-content\/uploads\/2020\/04\/ratzlaff_olaf-e1588060414589-1320x1320.jpg 1320w, https:\/\/hochschul-hackathon-bb.de\/wp-content\/uploads\/2020\/04\/ratzlaff_olaf-e1588060414589.jpg 1543w\" sizes=\"auto, (max-width: 1024px) 100vw, 1024px\"><\/figure>\n\n\n\n<p><\/p>\n<\/div>\n\n\n\n<div class=\"wp-block-column is-layout-flow wp-block-column-is-layout-flow\" style=\"flex-basis:66.66%\">\n<h2 class=\"wp-block-heading\">Olaf Ratzlaff<\/h2>\n\n\n\n<p>Con\u00adsultant for studies and&nbsp;teaching<\/p>\n\n\n\n<p>Minis\u00adterium f\u00fcr Wis\u00adsen\u00adschaft, For\u00adschung und Kultur des Landes&nbsp;Brandenburg<\/p>\n<\/div>\n<\/div>\n\n\n\n<div class=\"wp-block-columns is-layout-flex wp-container-core-columns-is-layout-9d6595d7 wp-block-columns-is-layout-flex\">\n<div class=\"wp-block-column is-layout-flow wp-block-column-is-layout-flow\" style=\"flex-basis:33.33%\">\n<figure class=\"wp-block-image size-large is-style-rounded\"><img loading=\"lazy\" decoding=\"async\" width=\"893\" height=\"892\" src=\"https:\/\/hochschul-hackathon-bb.de\/wp-content\/uploads\/2020\/04\/reiners_nina_2.jpeg\" alt=\"Nina Reiners\" class=\"wp-image-270\" srcset=\"https:\/\/hochschul-hackathon-bb.de\/wp-content\/uploads\/2020\/04\/reiners_nina_2.jpeg 893w, https:\/\/hochschul-hackathon-bb.de\/wp-content\/uploads\/2020\/04\/reiners_nina_2-300x300.jpeg 300w, https:\/\/hochschul-hackathon-bb.de\/wp-content\/uploads\/2020\/04\/reiners_nina_2-150x150.jpeg 150w, https:\/\/hochschul-hackathon-bb.de\/wp-content\/uploads\/2020\/04\/reiners_nina_2-768x767.jpeg 768w\" sizes=\"auto, (max-width: 893px) 100vw, 893px\"><\/figure>\n\n\n\n<p><\/p>\n<\/div>\n\n\n\n<div class=\"wp-block-column is-layout-flow wp-block-column-is-layout-flow\" style=\"flex-basis:66.66%\">\n<h2 class=\"wp-block-heading\">Nina Reiners<\/h2>\n\n\n\n<p>Poli\u00adtik\u00adwis\u00adsen\u00adschaft\u00adlerin<\/p>\n\n\n\n<p>Uni\u00adver\u00adsit\u00e4t&nbsp;Potsdam<\/p>\n<\/div>\n<\/div>\n\n\n\n<div class=\"wp-block-columns is-layout-flex wp-container-core-columns-is-layout-9d6595d7 wp-block-columns-is-layout-flex\">\n<div class=\"wp-block-column is-layout-flow wp-block-column-is-layout-flow\" style=\"flex-basis:33.33%\">\n<figure class=\"wp-block-image size-large is-style-rounded\"><img loading=\"lazy\" decoding=\"async\" width=\"725\" height=\"725\" src=\"https:\/\/hochschul-hackathon-bb.de\/wp-content\/uploads\/2020\/04\/NIko-Ripka-2020.jpg\" alt class=\"wp-image-209\" srcset=\"https:\/\/hochschul-hackathon-bb.de\/wp-content\/uploads\/2020\/04\/NIko-Ripka-2020.jpg 725w, https:\/\/hochschul-hackathon-bb.de\/wp-content\/uploads\/2020\/04\/NIko-Ripka-2020-300x300.jpg 300w, https:\/\/hochschul-hackathon-bb.de\/wp-content\/uploads\/2020\/04\/NIko-Ripka-2020-150x150.jpg 150w\" sizes=\"auto, (max-width: 725px) 100vw, 725px\"><\/figure>\n<\/div>\n\n\n\n<div class=\"wp-block-column is-layout-flow wp-block-column-is-layout-flow\" style=\"flex-basis:66.66%\">\n<h2 class=\"wp-block-heading\">Nikolas Ripka<\/h2>\n\n\n\n<p>Stu\u00adden\u00adti\u00adscher&nbsp;Vizepr\u00e4sident<\/p>\n\n\n\n<p>Fach\u00adhoch\u00adschule&nbsp;Potsdam<\/p>\n<\/div>\n<\/div>\n\n\n\n<p><\/p>","protected":false},"excerpt":{"rendered":"<p>Das Orgateam koordiniert den Hochschul-Hackathon und besteht aus Studierenden, Lehrenden und Referent*innen. Jenni Becker Studentin Fachhochschule Potsdam Jakob Eberhagen Studentischer Mitarbeiter Universit\u00e4t Bayreuth Tobias Falke Akademischer Mitarbeiter f\u00fcr Mediendidaktik im Projekt \u201eExzellenz von Studium und Lehre\u201c im Multimediazentrum \/ IKMZ Brandenburgische Technische Universit\u00e4t Cottbus-Senftenberg Olaf Ratzlaff Referent f\u00fcr Studium und Lehre Ministerium f\u00fcr Wissenschaft, Forschung [&hellip;]<\/p>\n","protected":false},"author":1,"featured_media":175,"parent":0,"menu_order":0,"comment_status":"closed","ping_status":"closed","template":"","meta":{"wp_typography_post_enhancements_disabled":false,"footnotes":""},"class_list":["post-36","page","type-page","status-publish","has-post-thumbnail","hentry"],"_links":{"self":[{"href":"https:\/\/hochschul-hackathon-bb.de\/en\/wp-json\/wp\/v2\/pages\/36","targetHints":{"allow":["GET"]}}],"collection":[{"href":"https:\/\/hochschul-hackathon-bb.de\/en\/wp-json\/wp\/v2\/pages"}],"about":[{"href":"https:\/\/hochschul-hackathon-bb.de\/en\/wp-json\/wp\/v2\/types\/page"}],"author":[{"embeddable":true,"href":"https:\/\/hochschul-hackathon-bb.de\/en\/wp-json\/wp\/v2\/users\/1"}],"replies":[{"embeddable":true,"href":"https:\/\/hochschul-hackathon-bb.de\/en\/wp-json\/wp\/v2\/comments?post=36"}],"version-history":[{"count":9,"href":"https:\/\/hochschul-hackathon-bb.de\/en\/wp-json\/wp\/v2\/pages\/36\/revisions"}],"predecessor-version":[{"id":328,"href":"https:\/\/hochschul-hackathon-bb.de\/en\/wp-json\/wp\/v2\/pages\/36\/revisions\/328"}],"wp:featuredmedia":[{"embeddable":true,"href":"https:\/\/hochschul-hackathon-bb.de\/en\/wp-json\/wp\/v2\/media\/175"}],"wp:attachment":[{"href":"https:\/\/hochschul-hackathon-bb.de\/en\/wp-json\/wp\/v2\/media?parent=36"}],"curies":[{"name":"wp","href":"https:\/\/api.w.org\/{rel}","templated":true}]}}