{"id":334,"date":"2020-06-02T10:18:06","date_gmt":"2020-06-02T08:18:06","guid":{"rendered":"https:\/\/hochschul-hackathon-bb.de\/?page_id=334"},"modified":"2020-09-28T17:37:09","modified_gmt":"2020-09-28T15:37:09","slug":"ergebnisse","status":"publish","type":"page","link":"https:\/\/hochschul-hackathon-bb.de\/en\/ergebnisse\/","title":{"rendered":"Solu\u00adtions"},"content":{"rendered":"<p><a rel=\"license noopener noreferrer\" target=\"_blank\" href=\"http:\/\/creativecommons.org\/licenses\/by-nc-sa\/4.0\/\"><img decoding=\"async\" alt=\"Creative Commons Lizenzvertrag\" style=\"border-width:0\" src=\"https:\/\/i.creativecommons.org\/l\/by-nc-sa\/4.0\/88x31.png\"><\/a><br>Die Ergeb\u00adnisse des Hoch\u00adschul-Hacka\u00adthons Bran\u00addenburg sind lizen\u00adziert unter einer <a rel=\"license noopener noreferrer\" target=\"_blank\" href=\"http:\/\/creativecommons.org\/licenses\/by-nc-sa\/4.0\/\">Creative Commons Namens\u00adnennung \u2013 Nicht-kom\u00admer\u00adziell \u2013 Wei\u00adtergabe unter gleichen Bedin\u00adgungen 4.0 Inter\u00adna\u00adtional Lizenz<\/a>.<\/p>\n\n\n\n<hr class=\"wp-block-separator\">\n\n\n\n<h2 class=\"wp-block-heading\"><a href=\"https:\/\/hochschul-hackathon-bb.de\/wp-content\/uploads\/2020\/06\/01_Online_Lehre_Loesungsvorschlaege.pdf\" target=\"_blank\" rel=\"noreferrer noopener\">Probleme der Online-Lehre: L\u00f6sungsvorschl\u00e4ge f\u00fcr Lehrende aus studentischer Sicht<\/a><\/h2>\n\n\n\n<h2 class=\"wp-block-heading\"><a rel=\"noreferrer noopener\" href=\"https:\/\/hochschul-hackathon-bb.de\/wp-content\/uploads\/2020\/06\/03_Leitfaden-Digitale-Lehre.pdf\" target=\"_blank\">Leitfaden zur F\u00f6rderung interaktiver Lehre<\/a><\/h2>\n\n\n\n<h2 class=\"kuerze wp-block-heading\"><a href=\"https:\/\/hochschul-hackathon-bb.de\/wp-content\/uploads\/2020\/09\/08_Paper-OER-Social-Network.pdf\" target=\"_blank\" rel=\"noreferrer noopener\">Vor\u00fcberlegungen zu einem Interaktionsnetzwerk f\u00fcr Open Educational Practices<\/a><\/h2>\n\n\n\n<h2 class=\"wp-block-heading\"><a href=\"https:\/\/hochschul-hackathon-bb.de\/wp-content\/uploads\/2020\/06\/11_Konzept-Kuhmerkasten.pdf\" target=\"_blank\" rel=\"noreferrer noopener\">\u201eKuhmerkasten\u201c \u2013 ein Moodle-Plugin zur Angabe der Stimmung in einem&nbsp;Seminar<\/a><\/h2>\n\n\n\n<h2 class=\"wp-block-heading\"><a href=\"https:\/\/hochschul-hackathon-bb.de\/wp-content\/uploads\/2020\/06\/13_Konzept-connectIN.pdf\" target=\"_blank\" rel=\"noreferrer noopener\">Connect IN \u2013 eine&nbsp;Campus-App<\/a><\/h2>\n\n\n\n<h2 class=\"wp-block-heading\"><a rel=\"noreferrer noopener\" href=\"https:\/\/hochschul-hackathon-bb.de\/wp-content\/uploads\/2020\/06\/15_Konzept_Mensa-Lieferservice.pdf\" target=\"_blank\">Konzept f\u00fcr einen&nbsp;Mensa-Lieferservice<\/a><\/h2>","protected":false},"excerpt":{"rendered":"<p>Die Ergebnisse des Hochschul-Hackathons Brandenburg sind lizenziert unter einer Creative Commons Namensnennung &#8211; Nicht-kommerziell &#8211; Weitergabe unter gleichen Bedingungen 4.0 International Lizenz. Probleme der Online-Lehre: L\u00f6sungsvorschl\u00e4ge f\u00fcr Lehrende aus studentischer Sicht Leitfaden zur F\u00f6rderung interaktiver Lehre Vor\u00fcberlegungen zu einem Interaktionsnetzwerk f\u00fcr Open Educational Practices \u201eKuhmerkasten\u201c \u2013 ein Moodle-Plugin zur Angabe der Stimmung in einem Seminar [&hellip;]<\/p>\n","protected":false},"author":1,"featured_media":337,"parent":0,"menu_order":0,"comment_status":"closed","ping_status":"closed","template":"","meta":{"wp_typography_post_enhancements_disabled":false,"footnotes":""},"class_list":["post-334","page","type-page","status-publish","has-post-thumbnail","hentry"],"_links":{"self":[{"href":"https:\/\/hochschul-hackathon-bb.de\/en\/wp-json\/wp\/v2\/pages\/334","targetHints":{"allow":["GET"]}}],"collection":[{"href":"https:\/\/hochschul-hackathon-bb.de\/en\/wp-json\/wp\/v2\/pages"}],"about":[{"href":"https:\/\/hochschul-hackathon-bb.de\/en\/wp-json\/wp\/v2\/types\/page"}],"author":[{"embeddable":true,"href":"https:\/\/hochschul-hackathon-bb.de\/en\/wp-json\/wp\/v2\/users\/1"}],"replies":[{"embeddable":true,"href":"https:\/\/hochschul-hackathon-bb.de\/en\/wp-json\/wp\/v2\/comments?post=334"}],"version-history":[{"count":9,"href":"https:\/\/hochschul-hackathon-bb.de\/en\/wp-json\/wp\/v2\/pages\/334\/revisions"}],"predecessor-version":[{"id":380,"href":"https:\/\/hochschul-hackathon-bb.de\/en\/wp-json\/wp\/v2\/pages\/334\/revisions\/380"}],"wp:featuredmedia":[{"embeddable":true,"href":"https:\/\/hochschul-hackathon-bb.de\/en\/wp-json\/wp\/v2\/media\/337"}],"wp:attachment":[{"href":"https:\/\/hochschul-hackathon-bb.de\/en\/wp-json\/wp\/v2\/media?parent=334"}],"curies":[{"name":"wp","href":"https:\/\/api.w.org\/{rel}","templated":true}]}}