{"id":32,"date":"2020-04-22T17:17:29","date_gmt":"2020-04-22T15:17:29","guid":{"rendered":"https:\/\/hochschul-hackathon-bb.de\/?page_id=32"},"modified":"2020-05-08T11:20:47","modified_gmt":"2020-05-08T09:20:47","slug":"anmeldung","status":"publish","type":"page","link":"https:\/\/hochschul-hackathon-bb.de\/en\/anmeldung\/","title":{"rendered":"Regis\u00adtration"},"content":{"rendered":"<p>Anmel\u00addungen waren bis Don\u00adnerstag, den 07.05.2020 m\u00f6glich. Du hast die Anmeldung ver\u00adpasst? Schreib uns an <a rel=\"noreferrer noopener\" href=\"mailto:orgateam@hochschul-hackathon-bb.de\" target=\"_blank\">orgateam@hochschul-hackathon-bb.de<\/a><\/p>\n\n\n\n<p><strong>Regis\u00adtration as a par\u00adti\u00adcipant<\/strong><br>In 48 Stunden erar\u00adbeiten die Teil\u00adneh\u00admenden in Gruppen L\u00f6sungs\u00adan\u00ads\u00e4tze f\u00fcr eine kon\u00adkrete Challenge. Beginn ist am Frei\u00adtag\u00adabend und das Ende am Sonn\u00adtag\u00adabend. Weitere Details findest du in den <a href=\"https:\/\/hochschul-hackathon-bb.de\/en\/faqs\/\">FAQs<\/a>.<\/p>\n\n\n\n<p><strong>Regis\u00adtration as a mentor<\/strong><br>Mentor*innen nehmen eben\u00adfalls am Hackathon teil und unter\u00adst\u00fctzen die Gruppen mit ihrem Wissen und Erfahrung in meh\u00adreren Check-Ins. Je nach Expertise und Ver\u00adf\u00fcg\u00adbarkeit unter\u00adst\u00fctzen Mentor*innen eine oder mehrere&nbsp;Gruppen.<\/p>\n\n\n\n<p><\/p>","protected":false},"excerpt":{"rendered":"<p>Anmeldungen waren bis Donnerstag, den 07.05.2020 m\u00f6glich. Du hast die Anmeldung verpasst? Schreib uns an orgateam@hochschul-hackathon-bb.de Anmeldung als Teilnehmer*inIn 48 Stunden erarbeiten die Teilnehmenden in Gruppen L\u00f6sungsans\u00e4tze f\u00fcr eine konkrete Challenge. Beginn ist am Freitagabend und das Ende am Sonntagabend. Weitere Details findest du in den FAQs. Anmeldung als Mentor*inMentor*innen nehmen ebenfalls am Hackathon teil [&hellip;]<\/p>\n","protected":false},"author":1,"featured_media":167,"parent":0,"menu_order":0,"comment_status":"closed","ping_status":"closed","template":"","meta":{"wp_typography_post_enhancements_disabled":false,"footnotes":""},"class_list":["post-32","page","type-page","status-publish","has-post-thumbnail","hentry"],"_links":{"self":[{"href":"https:\/\/hochschul-hackathon-bb.de\/en\/wp-json\/wp\/v2\/pages\/32","targetHints":{"allow":["GET"]}}],"collection":[{"href":"https:\/\/hochschul-hackathon-bb.de\/en\/wp-json\/wp\/v2\/pages"}],"about":[{"href":"https:\/\/hochschul-hackathon-bb.de\/en\/wp-json\/wp\/v2\/types\/page"}],"author":[{"embeddable":true,"href":"https:\/\/hochschul-hackathon-bb.de\/en\/wp-json\/wp\/v2\/users\/1"}],"replies":[{"embeddable":true,"href":"https:\/\/hochschul-hackathon-bb.de\/en\/wp-json\/wp\/v2\/comments?post=32"}],"version-history":[{"count":9,"href":"https:\/\/hochschul-hackathon-bb.de\/en\/wp-json\/wp\/v2\/pages\/32\/revisions"}],"predecessor-version":[{"id":318,"href":"https:\/\/hochschul-hackathon-bb.de\/en\/wp-json\/wp\/v2\/pages\/32\/revisions\/318"}],"wp:featuredmedia":[{"embeddable":true,"href":"https:\/\/hochschul-hackathon-bb.de\/en\/wp-json\/wp\/v2\/media\/167"}],"wp:attachment":[{"href":"https:\/\/hochschul-hackathon-bb.de\/en\/wp-json\/wp\/v2\/media?parent=32"}],"curies":[{"name":"wp","href":"https:\/\/api.w.org\/{rel}","templated":true}]}}