{"id":3,"date":"2020-04-22T14:58:56","date_gmt":"2020-04-22T14:58:56","guid":{"rendered":"http:\/\/hochschul-hackathon-bb.de\/?page_id=3"},"modified":"2020-04-23T14:07:03","modified_gmt":"2020-04-23T12:07:03","slug":"datenschutz","status":"publish","type":"page","link":"https:\/\/hochschul-hackathon-bb.de\/en\/datenschutz\/","title":{"rendered":"Privacy Policy"},"content":{"rendered":"<p>Das Minis\u00adterium f\u00fcr Wis\u00adsen\u00adschaft, For\u00adschung und Kultur (MWFK) des Landes Bran\u00addenburg nimmt den Schutz Ihrer per\u00adso\u00adnen\u00adbe\u00adzo\u00adgenen Daten sehr ernst. Wir m\u00f6chten Ihnen mit dieser Daten\u00adschutz\u00ader\u00adkl\u00e4rung daher einen \u00dcber\u00adblick dar\u00fcber geben, wie das MWFK den Schutz Ihrer Daten gew\u00e4hr\u00adleistet, welche Art von Daten zu welchem Zweck erhoben werden und wie sie ver\u00adwendet&nbsp;werden.<\/p>\n\n\n\n<h2 class=\"wp-block-heading\">Personenbezogene Daten<\/h2>\n\n\n\n<p>Per\u00adso\u00adnen\u00adbe\u00adzogene Daten sind Infor\u00adma\u00adtionen, die dazu genutzt werden k\u00f6nnen, Ihre Iden\u00adtit\u00e4t zu erfahren. Dar\u00adunter fallen Infor\u00adma\u00adtionen wie Ihr Name, Adresse, Post\u00adan\u00adschrift,&nbsp;Telefonnummer.<\/p>\n\n\n\n<p>Infor\u00adma\u00adtionen, die nicht mit Ihrer Iden\u00adtit\u00e4t in Ver\u00adbindung gebracht werden (wie zum Bei\u00adspiel Anzahl der Nutzer der Seite), fallen nicht dar\u00adunter. Sie k\u00f6nnen unser Online-Angebot grund\u00ads\u00e4tzlich ohne Offen\u00adlegung Ihrer Iden\u00adtit\u00e4t&nbsp;nutzen.<\/p>\n\n\n\n<p>Per\u00adso\u00adnen\u00adbe\u00adzogene Daten werden erfasst, wenn Sie uns diese von sich aus mit\u00adteilen, bei\u00adspiels\u00adweise wenn Sie mit uns in Kontakt treten. Dies ist erfor\u00adderlich, um Ihr Anliegen bear\u00adbeiten zu k\u00f6nnen. Die uns auf diese Weise \u00fcber\u00admit\u00adtelten per\u00adso\u00adnen\u00adbe\u00adzo\u00adgenen Daten werden wir selbst\u00adver\u00adst\u00e4ndlich aus\u00adschlie\u00dflich f\u00fcr den Zweck ver\u00adwenden, zu dem Sie uns diese bei der Kor\u00adre\u00adspondenz zur Ver\u00adf\u00fcgung stellen. Eine Mit\u00adteilung dieser Angaben erfolgt aus\u00addr\u00fccklich auf frei\u00adwil\u00adliger Basis und mit Ihrer Ein\u00adwil\u00adligung. Ent\u00adspre\u00adchende Angaben werden dabei auf besonders gesch\u00fctzten Servern in Deutschland gespei\u00adchert. Der Zugriff darauf ist nur wenigen, f\u00fcr die tech\u00adnisch-admi\u00adnis\u00adtrative Betreuung der Server zust\u00e4n\u00addigen befugten Per\u00adsonen&nbsp;m\u00f6glich.<\/p>\n\n\n\n<h3 class=\"wp-block-heading\">Anmeldungen via E\u2011Mail oder&nbsp;Formular<\/h3>\n\n\n\n<ul class=\"wp-block-list\"><li>Vor- und&nbsp;Nachname<\/li><li>E\u2011Mail-Adresse<\/li><li>Art der Anmeldung (Teil\u00adnahme \/&nbsp;Mentoring)<\/li><li>Hoch\u00adschule oder&nbsp;Institution<\/li><\/ul>\n\n\n\n<p>Bei jedem Zugriff eines Nutzers auf eine Seite aus dem Angebot der Lan\u00addes\u00adre\u00adgierung Bran\u00addenburg und bei jedem Abruf einer Datei werden Daten \u00fcber diesen Vorgang in einer Pro\u00adto\u00adkoll\u00addatei gespei\u00adchert. Diese Daten sind nicht per\u00adso\u00adnen\u00adbe\u00adzogen; wir k\u00f6nnen also nicht nach\u00advoll\u00adziehen, welcher Nutzer welche Daten abge\u00adrufen&nbsp;hat.<\/p>\n\n\n\n<p>Die gespei\u00adcherten Daten werden nur zu sta\u00adtis\u00adti\u00adschen Zwecken aus\u00adge\u00adwertet. Eine Wei\u00adtergabe an Dritte findet nicht&nbsp;statt.<\/p>\n\n\n\n<h3 class=\"wp-block-heading\">Dauer der&nbsp;Speicherung<\/h3>\n\n\n\n<p>Ihre Daten spei\u00adchern wir nur solange sie f\u00fcr die zweck\u00adbe\u00adzogene Ver\u00adwendung erfor\u00adderlich sind. Ihre Daten aus an uns gerich\u00adteten Anfragen werden in Papier und\/oder elek\u00adtro\u00adni\u00adscher Form gem\u00e4\u00df der f\u00fcr die Auf\u00adbe\u00adwahrung von Schriftgut gel\u00adtenden Fristen&nbsp;aufbewahrt.<\/p>\n\n\n\n<h3 class=\"wp-block-heading\">Weitergabe personenbezogener Daten an&nbsp;Dritte<\/h3>\n\n\n\n<p>Wir ver\u00adwenden Ihre per\u00adso\u00adnen\u00adbe\u00adzo\u00adgenen Infor\u00adma\u00adtionen nur innerhalb des Minis\u00adte\u00adriums f\u00fcr Wis\u00adsen\u00adschaft, For\u00adschung und Kultur den Mit\u00adgliedern des Orga\u00adteams. Wir geben Ihre Daten nicht ohne Ihre aus\u00addr\u00fcck\u00adliche Ein\u00adwil\u00adligung an Dritte weiter. Soweit wir gesetzlich oder per Gerichts\u00adbe\u00adschluss dazu ver\u00adpflichtet sind, werden wir Ihre Daten an aus\u00adkunfts\u00adbe\u00adrech\u00adtigte Stellen&nbsp;\u00fcbermitteln.<\/p>\n\n\n\n<h2 class=\"wp-block-heading\">Webseiteanalyse<\/h2>\n\n\n\n<p>Die Nutzung des Web\u00adan\u00adgebots wird zu Zwecken der Web\u00adsei\u00adten\u00adop\u00adti\u00admierung mit\u00adhilfe des Ana\u00adly\u00adse\u00addienstes \u201eMatomo\u201c&nbsp;ausgewertet.<\/p>\n\n\n\n<p>Bei der Nutzung des Inter\u00adnet\u00adan\u00adgebots werden soge\u00adnannte Cookies ein\u00adge\u00adsetzt. Cookies sind kleine Text-Infor\u00adma\u00adtions-Dateien, die von unserer Inter\u00adnet\u00adseite gesendet und von Ihrem Browser w\u00e4hrend des Zugriffs auf Ihrem Com\u00adputer abge\u00adspei\u00adchert werden. Sie k\u00f6nnen die Nutzung von Cookies unter\u00adbinden, indem Sie die Cookie-Funktion in Ihrem Browser deak\u00adti\u00advieren. Wenn Sie dies tun, k\u00f6nnen Sie jedoch gege\u00adbe\u00adnen\u00adfalls nicht s\u00e4mt\u00adliche Funk\u00adtionen des Inter\u00adnet\u00adan\u00adge\u00adbotes der Lan\u00addes\u00adre\u00adgierung Bran\u00addenburg voll\u00adum\u00adf\u00e4nglich nutzen. Wie Sie die Nutzung von Cookies unter\u00adbinden, ent\u00adnehmen Sie bitte der Anleitung Ihres&nbsp;Browser-Herstellers.<\/p>\n\n\n\n<h2 class=\"wp-block-heading\">Minderj\u00e4hrigenschutz<\/h2>\n\n\n\n<p>Kinder und Per\u00adsonen unter 18 Jahren sollten ohne Zustimmung der Eltern oder Erzie\u00adhungs\u00adbe\u00adrech\u00adtigten keine per\u00adso\u00adnen\u00adbe\u00adzo\u00adgenen Daten an uns \u00fcber\u00admitteln. Wir fordern keine per\u00adso\u00adnen\u00adbe\u00adzo\u00adgenen Daten von Kindern an, sammeln diese nicht und geben sie nicht an Dritte&nbsp;weiter.<\/p>\n\n\n\n<h2 class=\"wp-block-heading\">Links zu Webseiten anderer&nbsp;Anbieter<\/h2>\n\n\n\n<p>Unser Online-Angebot enth\u00e4lt Links zu Web\u00adseiten anderer Anbieter. Wir haben keinen Ein\u00adfluss darauf, dass diese Anbieter die Daten\u00adschutz\u00adbe\u00adstim\u00admungen&nbsp;einhalten.<\/p>\n\n\n\n<h2 class=\"wp-block-heading\">Ihre Rechte<\/h2>\n\n\n\n<p>Ihnen stehen bei Vor\u00adliegen der gesetz\u00adlichen Vor\u00adaus\u00adset\u00adzungen fol\u00adgende Rechte nach&nbsp;<a href=\"https:\/\/dsgvo-gesetz.de\/\">Art. 15 bis 22 DSGVO&nbsp;<\/a>zu:<\/p>\n\n\n\n<p>Recht auf Aus\u00adkunft, Berich\u00adtigung, L\u00f6schung, Ein\u00adschr\u00e4nkung der Ver\u00adar\u00adbeitung, auf Daten\u00ad\u00fcber\u00adtrag\u00adbarkeit, Widerruf und&nbsp;Widerspruch.<\/p>\n\n\n\n<h3 class=\"wp-block-heading\">Beschwerderecht bei der&nbsp;Aufsichtsbeh\u00f6rde:<\/h3>\n\n\n\n<p>Sie haben gem\u00e4\u00df Art. 77 DS-GVO zudem das Recht, sich bei der Auf\u00adsichts\u00adbe\u00adh\u00f6rde zu beschweren, wenn Sie der Ansicht sind, dass die Ver\u00adar\u00adbeitung Ihrer per\u00adso\u00adnen\u00adbe\u00adzo\u00adgenen Daten nicht recht\u00adm\u00e4\u00dfig erfolgt.<br><br>Die Anschrift der zust\u00e4n\u00addigen Auf\u00adsichts\u00adbe\u00adh\u00f6rde lautet:<br><br><strong>Die Lan\u00addes\u00adbe\u00adauf\u00adtragte f\u00fcr den Daten\u00adschutz und f\u00fcr das Recht auf Akten\u00adein\u00adsicht<\/strong><br>Dagmar Hartge<br>Stahns\u00addorfer Damm 77<br>14532 Klein\u00admachnow<br>Telefon: 033203- 356 \u2013 0<br>Fax: 033203 \u2013 356 \u2013 49<br>E\u2011Mail:&nbsp;<a href=\"mailto:poststelle@LDA.brandenburg.de\">poststelle@LDA.brandenburg.de<br><\/a><a href=\"http:\/\/www.lda.brandenburg.de\/cms\/detail.php?gsid=bb1.c.233960.de\">www.lda.brandenburg.de<\/a><\/p>\n\n\n\n<h2 class=\"wp-block-heading\">Kontaktdaten<\/h2>\n\n\n\n<p>Sie erreichen uns unter fol\u00adgenden&nbsp;Kontaktdaten:<\/p>\n\n\n\n<p><strong>Minis\u00adterium f\u00fcr Wis\u00adsen\u00adschaft, For\u00adschung und Kultur<\/strong><br>Dor\u00adtu\u00adstra\u00dfe 36<br>14467 Potsdam<\/p>\n\n\n\n<p>Telefon: 0331\u2013866 4999<br>E\u2011Mail:&nbsp;<a href=\"mailto:presse@mwfk.brandenburg.de\">presse@mwfk.brandenburg.de<\/a>&nbsp;<br><a href=\"http:\/\/www.mwfk.brandenburg.de\/\">www.mwfk.brandenburg.de<\/a><\/p>\n\n\n\n<h3 class=\"wp-block-heading\">Kontaktdaten des beh\u00f6rdlichen Datenschutzbeauftragten<\/h3>\n\n\n\n<p>Sie erreichen den beh\u00f6rd\u00adlichen Daten\u00adschutz\u00adbe\u00adauf\u00adtragten&nbsp;unter:<\/p>\n\n\n\n<p><strong>Daten\u00adschutz\u00adbe\u00adauf\u00adtragter des Minis\u00adte\u00adriums f\u00fcr Wis\u00adsen\u00adschaft, For\u00adschung und Kultur<\/strong><br>Falk-Florian Hoene<br>Dor\u00adtu\u00adstra\u00dfe 36<br>14467 Potsdam<br><a rel=\"noreferrer noopener\" href=\"mailto:falk-florian.hoene@mwfk.brandenburg.de\" target=\"_blank\">E\u2011Mail<\/a><\/p>","protected":false},"excerpt":{"rendered":"<p>Das Ministerium f\u00fcr Wissenschaft, Forschung und Kultur (MWFK) des Landes Brandenburg nimmt den Schutz Ihrer personenbezogenen Daten sehr ernst. Wir m\u00f6chten Ihnen mit dieser Datenschutzerkl\u00e4rung daher einen \u00dcberblick dar\u00fcber geben, wie das MWFK den Schutz Ihrer Daten gew\u00e4hrleistet, welche Art von Daten zu welchem Zweck erhoben werden und wie sie verwendet werden. Personenbezogene Daten Personenbezogene [&hellip;]<\/p>\n","protected":false},"author":1,"featured_media":0,"parent":0,"menu_order":0,"comment_status":"closed","ping_status":"open","template":"","meta":{"wp_typography_post_enhancements_disabled":false,"footnotes":""},"class_list":["post-3","page","type-page","status-publish","hentry"],"_links":{"self":[{"href":"https:\/\/hochschul-hackathon-bb.de\/en\/wp-json\/wp\/v2\/pages\/3","targetHints":{"allow":["GET"]}}],"collection":[{"href":"https:\/\/hochschul-hackathon-bb.de\/en\/wp-json\/wp\/v2\/pages"}],"about":[{"href":"https:\/\/hochschul-hackathon-bb.de\/en\/wp-json\/wp\/v2\/types\/page"}],"author":[{"embeddable":true,"href":"https:\/\/hochschul-hackathon-bb.de\/en\/wp-json\/wp\/v2\/users\/1"}],"replies":[{"embeddable":true,"href":"https:\/\/hochschul-hackathon-bb.de\/en\/wp-json\/wp\/v2\/comments?post=3"}],"version-history":[{"count":9,"href":"https:\/\/hochschul-hackathon-bb.de\/en\/wp-json\/wp\/v2\/pages\/3\/revisions"}],"predecessor-version":[{"id":119,"href":"https:\/\/hochschul-hackathon-bb.de\/en\/wp-json\/wp\/v2\/pages\/3\/revisions\/119"}],"wp:attachment":[{"href":"https:\/\/hochschul-hackathon-bb.de\/en\/wp-json\/wp\/v2\/media?parent=3"}],"curies":[{"name":"wp","href":"https:\/\/api.w.org\/{rel}","templated":true}]}}