{"id":231,"date":"2020-04-27T13:01:58","date_gmt":"2020-04-27T11:01:58","guid":{"rendered":"https:\/\/hochschul-hackathon-bb.de\/?page_id=231"},"modified":"2020-06-08T18:45:18","modified_gmt":"2020-06-08T16:45:18","slug":"anmeldung-bestaetigt","status":"publish","type":"page","link":"https:\/\/hochschul-hackathon-bb.de\/en\/anmeldung\/anmeldung-bestaetigt\/","title":{"rendered":"Bean\u00adtragung&nbsp;best\u00e4tigt."},"content":{"rendered":"<p>Danke! Du wirst in K\u00fcrze von uns&nbsp;h\u00f6ren.<\/p>","protected":false},"excerpt":{"rendered":"<p>Danke! Du wirst in K\u00fcrze von uns&nbsp;h\u00f6ren.<\/p>","protected":false},"author":1,"featured_media":0,"parent":32,"menu_order":0,"comment_status":"closed","ping_status":"closed","template":"","meta":{"wp_typography_post_enhancements_disabled":false,"footnotes":""},"class_list":["post-231","page","type-page","status-publish","hentry"],"_links":{"self":[{"href":"https:\/\/hochschul-hackathon-bb.de\/en\/wp-json\/wp\/v2\/pages\/231","targetHints":{"allow":["GET"]}}],"collection":[{"href":"https:\/\/hochschul-hackathon-bb.de\/en\/wp-json\/wp\/v2\/pages"}],"about":[{"href":"https:\/\/hochschul-hackathon-bb.de\/en\/wp-json\/wp\/v2\/types\/page"}],"author":[{"embeddable":true,"href":"https:\/\/hochschul-hackathon-bb.de\/en\/wp-json\/wp\/v2\/users\/1"}],"replies":[{"embeddable":true,"href":"https:\/\/hochschul-hackathon-bb.de\/en\/wp-json\/wp\/v2\/comments?post=231"}],"version-history":[{"count":2,"href":"https:\/\/hochschul-hackathon-bb.de\/en\/wp-json\/wp\/v2\/pages\/231\/revisions"}],"predecessor-version":[{"id":362,"href":"https:\/\/hochschul-hackathon-bb.de\/en\/wp-json\/wp\/v2\/pages\/231\/revisions\/362"}],"up":[{"embeddable":true,"href":"https:\/\/hochschul-hackathon-bb.de\/en\/wp-json\/wp\/v2\/pages\/32"}],"wp:attachment":[{"href":"https:\/\/hochschul-hackathon-bb.de\/en\/wp-json\/wp\/v2\/media?parent=231"}],"curies":[{"name":"wp","href":"https:\/\/api.w.org\/{rel}","templated":true}]}}